{"id":677,"date":"2020-03-22T16:39:18","date_gmt":"2020-03-22T15:39:18","guid":{"rendered":"https:\/\/www.isern750.com\/?page_id=677"},"modified":"2020-07-09T17:33:35","modified_gmt":"2020-07-09T16:33:35","slug":"que-fem","status":"publish","type":"page","link":"https:\/\/www.isern750.com\/?page_id=677&lang=ca","title":{"rendered":"SOBRE el meu treball"},"content":{"rendered":"\n<div class=\"wp-block-image\"><figure class=\"aligncenter is-resized\"><img loading=\"lazy\" decoding=\"async\" src=\"https:\/\/www.isern750.com\/wp-content\/uploads\/2017\/01\/Soldering-jump-ring-1021x1024.jpg\" alt=\"\" class=\"wp-image-116\" width=\"382\" height=\"382\" srcset=\"https:\/\/www.isern750.com\/wp-content\/uploads\/2017\/01\/Soldering-jump-ring-1021x1024.jpg 1021w, https:\/\/www.isern750.com\/wp-content\/uploads\/2017\/01\/Soldering-jump-ring-150x150.jpg 150w, https:\/\/www.isern750.com\/wp-content\/uploads\/2017\/01\/Soldering-jump-ring-300x300.jpg 300w, https:\/\/www.isern750.com\/wp-content\/uploads\/2017\/01\/Soldering-jump-ring-768x770.jpg 768w, https:\/\/www.isern750.com\/wp-content\/uploads\/2017\/01\/Soldering-jump-ring-100x100.jpg 100w, https:\/\/www.isern750.com\/wp-content\/uploads\/2017\/01\/Soldering-jump-ring.jpg 1368w\" sizes=\"auto, (max-width: 382px) 100vw, 382px\" \/><\/figure><\/div>\n\n\n\n<p>Com artes\u00e0 i creatiu de joies amb mes de 20 anys d\u2019experi\u00e8ncia dins del ofici, puc oferir les meves pr\u00f2pies col\u00b7leccions i dissenys. Tamb\u00e9 faig reparacions i restauracions de joies. En plena revoluci\u00f3 de la tecnologia digital, \u00e9s important la flexibilitzaci\u00f3 i dinamitzaci\u00f3 en les tasques. Et detallo quins s\u00f3n els serveis que ofereixo.<\/p>\n\n\n\n<ul class=\"wp-block-list\"><li>Disseny i desenvolupament 3D<\/li><li>Prototipat en cera<\/li><li>Fosa en metalls preciosos<\/li><li>Muntatge, rep\u00e0s taller <\/li><li>Engastador<\/li><li>Acabats i rodi<\/li><\/ul>\n\n\n\n<p>Les feines con a dissenyador <strong>freelance 3D, <\/strong>les ofereixo en format STL. \u201cformat \u00f2ptim pel seu prototipat en impressora 3D <strong>&nbsp;<\/strong>i posterior fosa\u201d aquest punt em permet enviar-te l\u2019arxiu de manera segura a qualsevol punt del m\u00f3n all\u00e0 on et trobis.<\/p>\n\n\n\n<p>Si necessites m\u00e9s informaci\u00f3 d\u2019alguna altre q\u00fcesti\u00f3, contacte amb mi i estar\u00e9 encantat d\u2019ajudar-te i explicar-te amb m\u00e9s detalls totes aquelles coses que necessitis saber. <\/p>\n","protected":false},"excerpt":{"rendered":"<p>Com artes\u00e0 i creatiu de joies amb mes de 20 anys d\u2019experi\u00e8ncia dins del ofici, puc oferir les meves pr\u00f2pies col\u00b7leccions i dissenys. Tamb\u00e9 faig reparacions i restauracions de joies. En plena revoluci\u00f3 de la tecnologia digital, \u00e9s important la flexibilitzaci\u00f3 i dinamitzaci\u00f3 en les tasques. Et detallo quins s\u00f3n els serveis que ofereixo. Disseny &hellip; <\/p>\n<p class=\"link-more\"><a href=\"https:\/\/www.isern750.com\/?page_id=677&#038;lang=ca\" class=\"more-link\">Continua llegint <span class=\"screen-reader-text\">\u00abSOBRE el meu treball\u00bb<\/span><\/a><\/p>\n","protected":false},"author":1,"featured_media":0,"parent":0,"menu_order":0,"comment_status":"closed","ping_status":"closed","template":"","meta":{"ngg_post_thumbnail":0,"footnotes":""},"class_list":["post-677","page","type-page","status-publish","hentry"],"_links":{"self":[{"href":"https:\/\/www.isern750.com\/index.php?rest_route=\/wp\/v2\/pages\/677","targetHints":{"allow":["GET"]}}],"collection":[{"href":"https:\/\/www.isern750.com\/index.php?rest_route=\/wp\/v2\/pages"}],"about":[{"href":"https:\/\/www.isern750.com\/index.php?rest_route=\/wp\/v2\/types\/page"}],"author":[{"embeddable":true,"href":"https:\/\/www.isern750.com\/index.php?rest_route=\/wp\/v2\/users\/1"}],"replies":[{"embeddable":true,"href":"https:\/\/www.isern750.com\/index.php?rest_route=%2Fwp%2Fv2%2Fcomments&post=677"}],"version-history":[{"count":11,"href":"https:\/\/www.isern750.com\/index.php?rest_route=\/wp\/v2\/pages\/677\/revisions"}],"predecessor-version":[{"id":1528,"href":"https:\/\/www.isern750.com\/index.php?rest_route=\/wp\/v2\/pages\/677\/revisions\/1528"}],"wp:attachment":[{"href":"https:\/\/www.isern750.com\/index.php?rest_route=%2Fwp%2Fv2%2Fmedia&parent=677"}],"curies":[{"name":"wp","href":"https:\/\/api.w.org\/{rel}","templated":true}]}}