{"id":1360,"date":"2020-07-08T16:28:15","date_gmt":"2020-07-08T15:28:15","guid":{"rendered":"https:\/\/www.isern750.com\/?page_id=1360"},"modified":"2022-06-14T16:09:22","modified_gmt":"2022-06-14T15:09:22","slug":"col-lecions","status":"publish","type":"page","link":"https:\/\/www.isern750.com\/?page_id=1360&lang=ca","title":{"rendered":"COL.LECIONS"},"content":{"rendered":"\n<p style=\"text-align:center\">Isern750 oferim col.lecions propies <\/p>\n\n\n\n<p style=\"text-align:center\">         ***<\/p>\n\n\n\n<p style=\"text-align:center\">Les nostres joies estan creades i fabricades 100% a Barcelona.<\/p>\n\n\n\n<p style=\"text-align:center\">Pensades i dissenyades  per fer encara m\u00e9s elegant i coqueta a la persona que les llueixi i disfruti .<\/p>\n\n\n\n<p style=\"text-align:center\">Sempre elaborades amb metalls de primera llei  i pedres naturals  precioses i semi-precioses.<\/p>\n\n\n\n<p style=\"text-align:center\">La senzillesa, la natura i la import\u00e0ncia de la feina ben feta, s\u00f3n les nostres fonts d&#8217;inspiraci\u00f3  per crear joies .<\/p>\n\n\n\n<p style=\"text-align:center\">***<\/p>\n","protected":false},"excerpt":{"rendered":"<p>Isern750 oferim col.lecions propies *** Les nostres joies estan creades i fabricades 100% a Barcelona. Pensades i dissenyades per fer encara m\u00e9s elegant i coqueta a la persona que les llueixi i disfruti . Sempre elaborades amb metalls de primera llei i pedres naturals precioses i semi-precioses. La senzillesa, la natura i la import\u00e0ncia de &hellip; <\/p>\n<p class=\"link-more\"><a href=\"https:\/\/www.isern750.com\/?page_id=1360&#038;lang=ca\" class=\"more-link\">Continua llegint <span class=\"screen-reader-text\">\u00abCOL.LECIONS\u00bb<\/span><\/a><\/p>\n","protected":false},"author":1,"featured_media":0,"parent":0,"menu_order":0,"comment_status":"closed","ping_status":"closed","template":"","meta":{"ngg_post_thumbnail":0,"footnotes":""},"class_list":["post-1360","page","type-page","status-publish","hentry"],"_links":{"self":[{"href":"https:\/\/www.isern750.com\/index.php?rest_route=\/wp\/v2\/pages\/1360","targetHints":{"allow":["GET"]}}],"collection":[{"href":"https:\/\/www.isern750.com\/index.php?rest_route=\/wp\/v2\/pages"}],"about":[{"href":"https:\/\/www.isern750.com\/index.php?rest_route=\/wp\/v2\/types\/page"}],"author":[{"embeddable":true,"href":"https:\/\/www.isern750.com\/index.php?rest_route=\/wp\/v2\/users\/1"}],"replies":[{"embeddable":true,"href":"https:\/\/www.isern750.com\/index.php?rest_route=%2Fwp%2Fv2%2Fcomments&post=1360"}],"version-history":[{"count":10,"href":"https:\/\/www.isern750.com\/index.php?rest_route=\/wp\/v2\/pages\/1360\/revisions"}],"predecessor-version":[{"id":5432,"href":"https:\/\/www.isern750.com\/index.php?rest_route=\/wp\/v2\/pages\/1360\/revisions\/5432"}],"wp:attachment":[{"href":"https:\/\/www.isern750.com\/index.php?rest_route=%2Fwp%2Fv2%2Fmedia&parent=1360"}],"curies":[{"name":"wp","href":"https:\/\/api.w.org\/{rel}","templated":true}]}}