{"id":1029,"date":"2020-03-26T18:23:57","date_gmt":"2020-03-26T17:23:57","guid":{"rendered":"https:\/\/www.isern750.com\/?page_id=1029"},"modified":"2020-03-26T18:27:01","modified_gmt":"2020-03-26T17:27:01","slug":"sobre-mi-trabajo","status":"publish","type":"page","link":"https:\/\/www.isern750.com\/?page_id=1029&lang=es","title":{"rendered":"sOBRE MI TRABAJO"},"content":{"rendered":"\n<div class=\"wp-block-image\"><figure class=\"aligncenter is-resized\"><img loading=\"lazy\" decoding=\"async\" src=\"https:\/\/www.isern750.com\/wp-content\/uploads\/2017\/01\/l28sc005-1.jpg\" alt=\"\" class=\"wp-image-144\" width=\"547\" height=\"258\" srcset=\"https:\/\/www.isern750.com\/wp-content\/uploads\/2017\/01\/l28sc005-1.jpg 636w, https:\/\/www.isern750.com\/wp-content\/uploads\/2017\/01\/l28sc005-1-300x142.jpg 300w\" sizes=\"auto, (max-width: 547px) 100vw, 547px\" \/><\/figure><\/div>\n\n\n\n<p style=\"text-align:left\">Como artesano y creativo de joyas con m\u00e1s de 20 a\u00f1os de experiencia en el\noficio, te puedo ofrecer mis propias colecciones y dise\u00f1os. Al mismo tiempo\ntambi\u00e9n hago reparaci\u00f3n y restauraci\u00f3n de joyas. En plena revoluci\u00f3n\ntecnol\u00f3gica y digital, es importante la flexibilizaci\u00f3n y dinamizaci\u00f3n en\ntareas, te detallo algo m\u00e1s los servicios que ofrezco:<\/p>\n\n\n\n<p>Dise\u00f1o y\nprototipado 3D*<\/p>\n\n\n\n<ul class=\"wp-block-list\"><li>Prototipado\n     en cera <\/li><li>Fundici\u00f3n\n     en metal<\/li><li>Montaje en\n     taller<\/li><li>Engastados<\/li><li>Acabados y\n     rodio.<br>\n     *<strong>Los trabajos como freelance en dise\u00f1o y archivo 3D<\/strong>, se ofrecen en\n     formato STL, &#8220;formato \u00f3ptimo para su prototipado y fundici\u00f3n&#8221;.\n     Este punto me permite enviarte el archivo de manera segura a cualquier\n     punto del mundo en el que te encuentres. <br>\n     <br>\n     Si necesitas m\u00e1s informaci\u00f3n de \u00e9ste alg\u00fan otro punto, sin compromiso,\n     contacta conmigo y estar\u00e9 encantado de ayudarte y explicarte con m\u00e1s\n     detalle todo aquello que necesites saber.<\/li><\/ul>\n","protected":false},"excerpt":{"rendered":"<p>Como artesano y creativo de joyas con m\u00e1s de 20 a\u00f1os de experiencia en el oficio, te puedo ofrecer mis propias colecciones y dise\u00f1os. Al mismo tiempo tambi\u00e9n hago reparaci\u00f3n y restauraci\u00f3n de joyas. En plena revoluci\u00f3n tecnol\u00f3gica y digital, es importante la flexibilizaci\u00f3n y dinamizaci\u00f3n en tareas, te detallo algo m\u00e1s los servicios que &hellip; <\/p>\n<p class=\"link-more\"><a href=\"https:\/\/www.isern750.com\/?page_id=1029&#038;lang=es\" class=\"more-link\">Continua llegint <span class=\"screen-reader-text\">\u00absOBRE MI TRABAJO\u00bb<\/span><\/a><\/p>\n","protected":false},"author":1,"featured_media":0,"parent":0,"menu_order":0,"comment_status":"closed","ping_status":"closed","template":"","meta":{"ngg_post_thumbnail":0,"footnotes":""},"class_list":["post-1029","page","type-page","status-publish","hentry"],"_links":{"self":[{"href":"https:\/\/www.isern750.com\/index.php?rest_route=\/wp\/v2\/pages\/1029","targetHints":{"allow":["GET"]}}],"collection":[{"href":"https:\/\/www.isern750.com\/index.php?rest_route=\/wp\/v2\/pages"}],"about":[{"href":"https:\/\/www.isern750.com\/index.php?rest_route=\/wp\/v2\/types\/page"}],"author":[{"embeddable":true,"href":"https:\/\/www.isern750.com\/index.php?rest_route=\/wp\/v2\/users\/1"}],"replies":[{"embeddable":true,"href":"https:\/\/www.isern750.com\/index.php?rest_route=%2Fwp%2Fv2%2Fcomments&post=1029"}],"version-history":[{"count":2,"href":"https:\/\/www.isern750.com\/index.php?rest_route=\/wp\/v2\/pages\/1029\/revisions"}],"predecessor-version":[{"id":1031,"href":"https:\/\/www.isern750.com\/index.php?rest_route=\/wp\/v2\/pages\/1029\/revisions\/1031"}],"wp:attachment":[{"href":"https:\/\/www.isern750.com\/index.php?rest_route=%2Fwp%2Fv2%2Fmedia&parent=1029"}],"curies":[{"name":"wp","href":"https:\/\/api.w.org\/{rel}","templated":true}]}}